{"id":2,"date":"2025-10-04T20:55:35","date_gmt":"2025-10-04T18:55:35","guid":{"rendered":"https:\/\/gosiaadamczak.art\/?page_id=2"},"modified":"2025-10-21T09:15:12","modified_gmt":"2025-10-21T07:15:12","slug":"przykladowa-strona","status":"publish","type":"page","link":"https:\/\/gosiaadamczak.art\/?page_id=2","title":{"rendered":"Biography"},"content":{"rendered":"\n<figure class=\"wp-block-image size-large is-resized\"><img loading=\"lazy\" decoding=\"async\" width=\"768\" height=\"1024\" src=\"https:\/\/gosiaadamczak.art\/wp-content\/uploads\/2025\/10\/gosia-768x1024.jpg\" alt=\"Ma\u0142gorzata Adamczak\" class=\"wp-image-70\" style=\"width:122px;height:auto\"\/><\/figure>\n\n\n\n<p><strong>Ma\u0142gorzata (Gosia) Adamczak<\/strong><br>W 1993 podj\u0119\u0142a studia w krakowskiej Akademii Sztuk Pi\u0119knych na Wydziale Malarstwa w pracowni prof. Jana Szancenbacha. W 1995 wyjecha\u0142a do Sydney, Australia gdzie tworzy\u0142a w swoim studiu malarskim w Pirmont. Zosta\u0142a zaproszona do wsp\u00f3\u0142pracy przez Konsulat Polski w Sydney co zaowocowa\u0142o wystaw\u0105 w MLC Gallery. Bra\u0142a udzia\u0142 w wymianie artystycznej Australijsko\u2013Japo\u0144skiej i w wystawie w Museum of Modern Art w Saitamie. Jej prace by\u0142y cz\u0119\u015bci\u0105 wystaw w Parlamencie Australijskim, Global Gallery, Marlene Antico Gallery, S.H Ervin Gallery \u2013 Salon The Refuse.<br>Po powrocie do Polski uko\u0144czy\u0142a studia w Pracowni prof. S\u0142awomira Karpowicza w roku 2000. Uczestniczy\u0142a w kilkunastu wystawach w Polsce i za granic\u0105.\u00a0 Jest stypendystk\u0105 The Pollock \u2013 Krasner Foundation, 2006.\u00a0 Otrzyma\u0142a tak\u017ce wyr\u00f3\u017cnienie W Triennale Malarstwa Polskiego, BWA, Sieradz, 2018. Obraz w kolekcji galerii BWA w Sieradzu.<br>Otrzyma\u0142a nagrod\u0119 Ministra Kultury i Dziedzictwa Narodowego, 2017.<br>W swoim malarstwie podejmuje tematy uczu\u0107, atmosfery, emocji. Studiuje martwe natury, pejza\u017ce, obserwuje ludzi tworzy ich psychologiczno &#8211; malarskie portrety.<br>Od lat zajmuje si\u0119 poezj\u0105.<\/p>\n\n\n\n<figure class=\"wp-block-image size-full is-resized\"><img loading=\"lazy\" decoding=\"async\" width=\"640\" height=\"640\" src=\"https:\/\/gosiaadamczak.art\/wp-content\/uploads\/2025\/10\/S341fb89d80f0493ab3518f2caf5fd678m.jpg_640x640q75.jpg_.avif\" alt=\"\" class=\"wp-image-229\" style=\"width:68px;height:auto\" srcset=\"https:\/\/gosiaadamczak.art\/wp-content\/uploads\/2025\/10\/S341fb89d80f0493ab3518f2caf5fd678m.jpg_640x640q75.jpg_.avif 640w, https:\/\/gosiaadamczak.art\/wp-content\/uploads\/2025\/10\/S341fb89d80f0493ab3518f2caf5fd678m.jpg_640x640q75.jpg_-400x400.jpg 400w, https:\/\/gosiaadamczak.art\/wp-content\/uploads\/2025\/10\/S341fb89d80f0493ab3518f2caf5fd678m.jpg_640x640q75.jpg_-150x150.jpg 150w\" sizes=\"auto, (max-width: 640px) 100vw, 640px\" \/><\/figure>\n\n\n\n<p>I have studied in the Academy of Fine Arts in Krakow in Poland from 1993 untill 2000. I was a student of the Professor Jan Sancenbach and Professor Slawomir Karpowicz. It was a Department of Painting.<br>I have travelled to Australia in 1996. I got a citizenship in 1997. I had a studio in Pirmont in Sydney. I got an invitation to cooperate with The Polish Ambassy in Sydney. I had an exhibition in the MLC Gallery in Pirmont. I was a part of Australian and Japan Art cooperation and exhibition in Saitama in the Museum of Modern Art. My artworks have been exhibited in the Australian Parliament, Global Gallery, Marlene Antico Gallery, S. H. Ervin Gallery \u2013 Salon The Refuse in 1997.<br>When I came back to Poland I finished my study in the Prof. Slawomir Karpowicz studio in the year 2000. My Art was a part of many exhibitions in Poland and in different countries. I got a sholarship from The Pollock \u2013 Krasner Foundation, NY, The US, 2006. I got a Honour Prize during Trennal Polish Painting Competition in Sieradz, Poland and The Ministry of Cuture and National Heritage Prize, Warsaw, 2017.<\/p>\n\n\n\n<p>I pay attention to feelings, atmosphere, emotions in paintings. I study still life, landscape, nude. I observe peoples behaviour, I create psychological and paintary portraits. I write poetry from years. I published a book of poems in the year 2022.<\/p>\n\n\n\n<p><\/p>\n","protected":false},"excerpt":{"rendered":"<p>Ma\u0142gorzata (Gosia) AdamczakW 1993 podj\u0119\u0142a studia w krakowskiej Akademii Sztuk Pi\u0119knych na Wydziale Malarstwa w pracowni prof. Jana Szancenbacha. W 1995 wyjecha\u0142a do Sydney, Australia gdzie tworzy\u0142a w swoim studiu malarskim w Pirmont. Zosta\u0142a zaproszona do wsp\u00f3\u0142pracy przez Konsulat Polski w Sydney co zaowocowa\u0142o wystaw\u0105 w MLC Gallery. Bra\u0142a udzia\u0142 w wymianie artystycznej Australijsko\u2013Japo\u0144skiej i &hellip; <a href=\"https:\/\/gosiaadamczak.art\/?page_id=2\" class=\"more-link\">Continue reading <span class=\"screen-reader-text\">Biography<\/span> <span class=\"meta-nav\">&rarr;<\/span><\/a><\/p>\n","protected":false},"author":1,"featured_media":0,"parent":0,"menu_order":0,"comment_status":"closed","ping_status":"open","template":"","meta":{"footnotes":""},"class_list":["post-2","page","type-page","status-publish","hentry"],"_links":{"self":[{"href":"https:\/\/gosiaadamczak.art\/index.php?rest_route=\/wp\/v2\/pages\/2","targetHints":{"allow":["GET"]}}],"collection":[{"href":"https:\/\/gosiaadamczak.art\/index.php?rest_route=\/wp\/v2\/pages"}],"about":[{"href":"https:\/\/gosiaadamczak.art\/index.php?rest_route=\/wp\/v2\/types\/page"}],"author":[{"embeddable":true,"href":"https:\/\/gosiaadamczak.art\/index.php?rest_route=\/wp\/v2\/users\/1"}],"replies":[{"embeddable":true,"href":"https:\/\/gosiaadamczak.art\/index.php?rest_route=%2Fwp%2Fv2%2Fcomments&post=2"}],"version-history":[{"count":34,"href":"https:\/\/gosiaadamczak.art\/index.php?rest_route=\/wp\/v2\/pages\/2\/revisions"}],"predecessor-version":[{"id":285,"href":"https:\/\/gosiaadamczak.art\/index.php?rest_route=\/wp\/v2\/pages\/2\/revisions\/285"}],"wp:attachment":[{"href":"https:\/\/gosiaadamczak.art\/index.php?rest_route=%2Fwp%2Fv2%2Fmedia&parent=2"}],"curies":[{"name":"wp","href":"https:\/\/api.w.org\/{rel}","templated":true}]}}